{"id":1134,"date":"2025-09-09T17:22:23","date_gmt":"2025-09-09T17:22:23","guid":{"rendered":"https:\/\/elevatebusinessnetworking.com\/?page_id=1134"},"modified":"2025-09-10T16:25:32","modified_gmt":"2025-09-10T16:25:32","slug":"blog","status":"publish","type":"page","link":"https:\/\/elevatebusinessnetworking.com\/en\/blog\/","title":{"rendered":"blog"},"content":{"rendered":"<div data-elementor-type=\"wp-page\" data-elementor-id=\"1134\" class=\"elementor elementor-1134\" data-elementor-post-type=\"page\">\n\t\t\t\t<div class=\"elementor-element elementor-element-7361ce2b e-con-full e-flex e-con e-parent\" data-id=\"7361ce2b\" data-element_type=\"container\" data-settings=\"{&quot;background_background&quot;:&quot;classic&quot;}\">\n\t\t<div class=\"elementor-element elementor-element-34d90a61 e-con-full e-flex e-con e-child\" data-id=\"34d90a61\" data-element_type=\"container\" data-settings=\"{&quot;background_background&quot;:&quot;classic&quot;}\">\n\t\t<div class=\"elementor-element elementor-element-66e16049 e-flex e-con-boxed e-con e-child\" data-id=\"66e16049\" data-element_type=\"container\">\n\t\t\t\t\t<div class=\"e-con-inner\">\n\t\t<div class=\"elementor-element elementor-element-64e39e50 e-con-full e-flex e-con e-child\" data-id=\"64e39e50\" data-element_type=\"container\">\n\t\t\t\t<div class=\"elementor-element elementor-element-2b66f5f elementor-widget elementor-widget-heading\" data-id=\"2b66f5f\" data-element_type=\"widget\" data-widget_type=\"heading.default\">\n\t\t\t\t\t<h3 class=\"elementor-heading-title elementor-size-default\">BLOG<\/h3>\t\t\t\t<\/div>\n\t\t\t\t<\/div>\n\t\t\t\t\t<\/div>\n\t\t\t\t<\/div>\n\t\t\t\t<\/div>\n\t\t\t\t<\/div>\n\t\t<div class=\"elementor-element elementor-element-1a4d90ad e-flex e-con-boxed e-con e-parent\" data-id=\"1a4d90ad\" data-element_type=\"container\" data-settings=\"{&quot;background_background&quot;:&quot;classic&quot;}\">\n\t\t\t\t\t<div class=\"e-con-inner\">\n\t\t<div class=\"elementor-element elementor-element-4702ae01 e-con-full e-flex e-con e-child\" data-id=\"4702ae01\" data-element_type=\"container\" data-settings=\"{&quot;background_background&quot;:&quot;classic&quot;}\">\n\t\t\t\t<div class=\"elementor-element elementor-element-c3116b0 elementor-posts--align-center elementor-grid-3 elementor-grid-tablet-2 elementor-grid-mobile-1 elementor-posts--thumbnail-top elementor-posts__hover-gradient elementor-widget elementor-widget-posts\" data-id=\"c3116b0\" data-element_type=\"widget\" data-settings=\"{&quot;cards_columns&quot;:&quot;3&quot;,&quot;cards_columns_tablet&quot;:&quot;2&quot;,&quot;cards_columns_mobile&quot;:&quot;1&quot;,&quot;cards_row_gap&quot;:{&quot;unit&quot;:&quot;px&quot;,&quot;size&quot;:35,&quot;sizes&quot;:[]},&quot;cards_row_gap_tablet&quot;:{&quot;unit&quot;:&quot;px&quot;,&quot;size&quot;:&quot;&quot;,&quot;sizes&quot;:[]},&quot;cards_row_gap_mobile&quot;:{&quot;unit&quot;:&quot;px&quot;,&quot;size&quot;:&quot;&quot;,&quot;sizes&quot;:[]}}\" data-widget_type=\"posts.cards\">\n\t\t\t\t<div class=\"elementor-widget-container\">\n\t\t\t\t\t\t\t<div class=\"elementor-posts-container elementor-posts elementor-posts--skin-cards elementor-grid\" role=\"list\">\n\t\t\t\t<article class=\"elementor-post elementor-grid-item post-1 post type-post status-publish format-standard has-post-thumbnail hentry category-carreira category-elevate tag-carreira tag-elevate\" role=\"listitem\">\n\t\t\t<div class=\"elementor-post__card\">\n\t\t\t\t<a class=\"elementor-post__thumbnail__link\" href=\"https:\/\/elevatebusinessnetworking.com\/en\/como-unir-carreira-e-proposito\/\" tabindex=\"-1\" ><div class=\"elementor-post__thumbnail\"><img fetchpriority=\"high\" decoding=\"async\" width=\"300\" height=\"225\" src=\"https:\/\/elevatebusinessnetworking.com\/wp-content\/uploads\/2025\/08\/silhueta-3d-de-um-homem-com-os-bracos-levantados-contra-uma-paisagem-oceano-por-sol-1-300x225.jpg\" class=\"attachment-medium size-medium wp-image-1473\" alt=\"\" srcset=\"https:\/\/elevatebusinessnetworking.com\/wp-content\/uploads\/2025\/08\/silhueta-3d-de-um-homem-com-os-bracos-levantados-contra-uma-paisagem-oceano-por-sol-1-300x225.jpg 300w, https:\/\/elevatebusinessnetworking.com\/wp-content\/uploads\/2025\/08\/silhueta-3d-de-um-homem-com-os-bracos-levantados-contra-uma-paisagem-oceano-por-sol-1.jpg 600w\" sizes=\"(max-width: 300px) 100vw, 300px\" \/><\/div><\/a>\n\t\t\t\t<div class=\"elementor-post__badge\">Carreira<\/div>\n\t\t\t\t<div class=\"elementor-post__text\">\n\t\t\t\t<h3 class=\"elementor-post__title\">\n\t\t\t<a href=\"https:\/\/elevatebusinessnetworking.com\/en\/como-unir-carreira-e-proposito\/\" >\n\t\t\t\tComo Unir Carreira e Prop\u00f3sito\t\t\t<\/a>\n\t\t<\/h3>\n\t\t\t\t<div class=\"elementor-post__excerpt\">\n\t\t\t<p>Cada vez mais profissionais buscam n\u00e3o apenas um bom sal\u00e1rio ou estabilidade, mas tamb\u00e9m encontrar significado no que fazem. A ideia de unir carreira e<\/p>\n\t\t<\/div>\n\t\t\n\t\t<a class=\"elementor-post__read-more\" href=\"https:\/\/elevatebusinessnetworking.com\/en\/como-unir-carreira-e-proposito\/\" aria-label=\"Read more about Como Unir Carreira e Prop\u00f3sito\" tabindex=\"-1\" >\n\t\t\tSee more\t\t<\/a>\n\n\t\t\t\t<\/div>\n\t\t\t\t<div class=\"elementor-post__meta-data\">\n\t\t\t\t\t<span class=\"elementor-post-author\">\n\t\t\tElevate\t\t<\/span>\n\t\t\t\t<span class=\"elementor-post-date\">\n\t\t\t21.08.2025\t\t<\/span>\n\t\t\t\t<\/div>\n\t\t\t\t\t<\/div>\n\t\t<\/article>\n\t\t\t\t<\/div>\n\t\t\n\t\t\t\t\t\t<\/div>\n\t\t\t\t<\/div>\n\t\t\t\t<\/div>\n\t\t\t\t\t<\/div>\n\t\t\t\t<\/div>\n\t\t\t\t<\/div>","protected":false},"excerpt":{"rendered":"<p>BLOG<\/p>","protected":false},"author":1,"featured_media":0,"parent":0,"menu_order":0,"comment_status":"closed","ping_status":"closed","template":"elementor_header_footer","meta":{"footnotes":""},"class_list":["post-1134","page","type-page","status-publish","hentry"],"_hostinger_reach_plugin_has_subscription_block":false,"_hostinger_reach_plugin_is_elementor":false,"_links":{"self":[{"href":"https:\/\/elevatebusinessnetworking.com\/en\/wp-json\/wp\/v2\/pages\/1134","targetHints":{"allow":["GET"]}}],"collection":[{"href":"https:\/\/elevatebusinessnetworking.com\/en\/wp-json\/wp\/v2\/pages"}],"about":[{"href":"https:\/\/elevatebusinessnetworking.com\/en\/wp-json\/wp\/v2\/types\/page"}],"author":[{"embeddable":true,"href":"https:\/\/elevatebusinessnetworking.com\/en\/wp-json\/wp\/v2\/users\/1"}],"replies":[{"embeddable":true,"href":"https:\/\/elevatebusinessnetworking.com\/en\/wp-json\/wp\/v2\/comments?post=1134"}],"version-history":[{"count":28,"href":"https:\/\/elevatebusinessnetworking.com\/en\/wp-json\/wp\/v2\/pages\/1134\/revisions"}],"predecessor-version":[{"id":1537,"href":"https:\/\/elevatebusinessnetworking.com\/en\/wp-json\/wp\/v2\/pages\/1134\/revisions\/1537"}],"wp:attachment":[{"href":"https:\/\/elevatebusinessnetworking.com\/en\/wp-json\/wp\/v2\/media?parent=1134"}],"curies":[{"name":"wp","href":"https:\/\/api.w.org\/{rel}","templated":true}]}}